{"id":125961,"date":"2025-06-01T17:39:26","date_gmt":"2025-06-01T13:39:26","guid":{"rendered":"https:\/\/frenchdesign.studio\/?page_id=125961"},"modified":"2026-01-07T13:55:17","modified_gmt":"2026-01-07T09:55:17","slug":"temoignages","status":"publish","type":"page","link":"https:\/\/frenchdesign.studio\/fr\/testimonials\/","title":{"rendered":"T\u00e9moignages"},"content":{"rendered":"<div class=\"wpb-content-wrapper\"><div data-parent=\"true\" class=\"vc_row row-container\" id=\"row-unique-0\"><div class=\"row limit-width row-parent\"><div class=\"wpb_row row-inner\"><div class=\"wpb_column pos-top pos-center align_left column_parent col-lg-12 single-internal-gutter\"><div class=\"uncol style-light\"  ><div class=\"uncoltable\"><div class=\"uncell no-block-padding\" ><div class=\"uncont\" ><div class=\"vc_custom_heading_wrap\"><div class=\"heading-text el-text\" ><h2 class=\"h1\" ><span>Ce que les clients <span class=\"highlight\">pensent<\/span><\/span><\/h2><\/div><div class=\"clear\"><\/div><\/div><div class=\"uncode_text_column\" ><p>T\u00e9moignages des fondateurs et des organisations que j'ai soutenus : sur la clart\u00e9, la fiabilit\u00e9, l'ex\u00e9cution et les r\u00e9sultats finaux.<\/p>\n<\/div><\/div><\/div><\/div><\/div><\/div><script id=\"script-row-unique-0\" data-row=\"script-row-unique-0\" type=\"text\/javascript\" class=\"vc_controls\">UNCODE.initRow(document.getElementById(\"row-unique-0\"));<\/script><\/div><\/div><\/div><div data-parent=\"true\" class=\"vc_row row-container\" id=\"row-unique-1\"><div class=\"row limit-width row-parent\"><div class=\"wpb_row row-inner\"><div class=\"wpb_column pos-top pos-center align_left column_parent col-lg-12 single-internal-gutter\"><div class=\"uncol style-light\"  ><div class=\"uncoltable\"><div class=\"uncell no-block-padding\" ><div class=\"uncont\" ><div class=\"uncode_text_column\" ><style type='text\/css' media='all'>#tss-container-2914105739.tss-wrapper .tss-layout10 .item-content-wrapper,\r\n\t\t\t\t\t#tss-container-2914105739.tss-wrapper .tss-isotope3 .item-content-wrapper,\r\n\t\t\t\t\t#tss-container-2914105739.tss-wrapper .tss-isotope5 .item-content-wrapper,\r\n\t\t\t\t\t#tss-container-2914105739.tss-wrapper .tss-carousel10 .item-content-wrapper{background: transparent;}#tss-container-2914105739.tss-wrapper .single-item-wrapper h3.author-name,\r\n\t\t\t\t\t\t#tss-container-2914105739.tss-wrapper .single-item-wrapper h3.author-name a{font-weight:bold;font-size:15px;}#tss-container-2914105739.tss-wrapper .single-item-wrapper h4.author-bio{font-size:15px;}#tss-container-2914105739.tss-wrapper .single-item-wrapper .rating-wrapper span.dashicons{color:#2b26e3;}#tss-container-2914105739.tss-wrapper .single-item-wrapper .rating-wrapper {}<\/style><div class='rt-container-fluid tss-wrapper' id='tss-container-2914105739'  data-layout='layout1' data-desktop-col='1'  data-tab-col='1'  data-mobile-col='1'><div data-title='Loading ...' class='rt-row tss-layout1 tss-even'><div class='rt-col-md-12 rt-col-sm-12 rt-col-xs-12 even-grid-item tss-grid-item even-grid-item default-margin'><div class=\"single-item-wrapper\"><div class=\"tss-meta-info tss-left\"><h3 class='author-name'>Efficacit\u00e9, expertise et QE<\/h3><h4 class=\"author-bio\"><span class='author-designation'>Mathilde - Direction g\u00e9n\u00e9rale<\/span>, <span class='item-company'>MSW Connect<\/span><\/h4><div class=\"rating-wrapper\"><span data-star='1' class='star-1 dashicons dashicons-star-filled' aria-hidden='true'><\/span><span data-star='2' class='star-2 dashicons dashicons-star-filled' aria-hidden='true'><\/span><span data-star='3' class='star-3 dashicons dashicons-star-filled' aria-hidden='true'><\/span><span data-star='4' class='star-4 dashicons dashicons-star-filled' aria-hidden='true'><\/span><span data-star='5' class='star-5 dashicons dashicons-star-filled' aria-hidden='true'><\/span><\/div><\/div><div class=\"item-content-wrapper tss-right\"><div class='item-content'><p>Je suis un entrepreneur individuel et mon expertise porte sur le conseil en mati\u00e8re de gouvernance, de risque et de conformit\u00e9 dans le secteur financier.<\/p>\n<p>Les t\u00e2ches administratives prenaient d\u00e9j\u00e0 trop de place dans ma bande passante, et je me suis retrouv\u00e9e bloqu\u00e9e sur Squarespace avec mon projet de site web pendant pr\u00e8s d'un an. Ce n'\u00e9tait pas une priorit\u00e9, mais cela faisait longtemps que ce projet figurait sur ma liste de choses \u00e0 faire et qu'il alourdissait ma charge mentale. J'avais besoin de d\u00e9l\u00e9guer \u00e0 un expert et j'ai contact\u00e9 \u00c9milie pour externaliser cette partie de ma charge de travail.<\/p>\n<p>\u00c9milie a \u00e9t\u00e9 rapidement disponible : nous avons eu un appel vid\u00e9o, j'ai expliqu\u00e9 bri\u00e8vement ce que je voulais, j'ai envoy\u00e9 quelques exemples et photos, et j'ai rapidement re\u00e7u une premi\u00e8re \u00e9bauche de mon site web. Nous avons eu tr\u00e8s peu d'\u00e9changes et l'exp\u00e9rience d'\u00c9milie m'a permis de gagner du temps et de l'efficacit\u00e9.<\/p>\n<p>Je travaillais \u00e0 partir de mon t\u00e9l\u00e9phone et il y avait quelques d\u00e9tails visuels que je ne pouvais pas voir, mais \u00c9milie les a imm\u00e9diatement rep\u00e9r\u00e9s et me les a signal\u00e9s avec diplomatie. Je suis tr\u00e8s satisfaite du r\u00e9sultat, car elle a su capturer l'essence de ma philosophie de travail. Les visiteurs de mon site web m'ont fait part de leurs commentaires positifs sur l'aspect et la convivialit\u00e9 de la page.<\/p>\n<p>Je pense d\u00e9j\u00e0 \u00e0 faire appel aux services d'\u00c9milie pour mes brochures marketing. Quelques mots-cl\u00e9s pour r\u00e9sumer ma collaboration avec \u00c9milie : efficacit\u00e9, expertise et intelligence \u00e9motionnelle.<\/p>\n<\/div><\/div><\/div><\/div><div class='rt-col-md-12 rt-col-sm-12 rt-col-xs-12 even-grid-item tss-grid-item even-grid-item default-margin'><div class=\"single-item-wrapper\"><div class=\"tss-meta-info tss-left\"><h3 class='author-name'>Une exp\u00e9rience exceptionnelle<\/h3><h4 class=\"author-bio\"><span class='author-designation'>St\u00e9phane - Directeur g\u00e9n\u00e9ral<\/span>, <span class='item-company'>Advanced Maritime Consulting<\/span><\/h4><div class=\"rating-wrapper\"><span data-star='1' class='star-1 dashicons dashicons-star-filled' aria-hidden='true'><\/span><span data-star='2' class='star-2 dashicons dashicons-star-filled' aria-hidden='true'><\/span><span data-star='3' class='star-3 dashicons dashicons-star-filled' aria-hidden='true'><\/span><span data-star='4' class='star-4 dashicons dashicons-star-filled' aria-hidden='true'><\/span><span data-star='5' class='star-5 dashicons dashicons-star-filled' aria-hidden='true'><\/span><\/div><\/div><div class=\"item-content-wrapper tss-right\"><div class='item-content'><p>Je tiens \u00e0 partager mon exp\u00e9rience exceptionnelle avec Emilie concernant notre projet de site web. Nous avions besoin d'un site clair et structur\u00e9, tout en optimisant le temps consacr\u00e9 \u00e0 sa r\u00e9alisation. Emilie a su brillamment prendre en charge le cadrage, la structure, la direction visuelle, le design et l'int\u00e9gration sur WordPress.<\/p>\n<p>Elle a pos\u00e9 les bonnes questions, propos\u00e9 des solutions simples et a su avancer de mani\u00e8re autonome, ce qui a \u00e9t\u00e9 un v\u00e9ritable soulagement pour nous. Gr\u00e2ce \u00e0 elle, le parcours de \"demande de devis\" est d\u00e9sormais parfaitement cadr\u00e9 et automatis\u00e9.<\/p>\n<p>Je recommande vivement Emilie pour la r\u00e9alisation d'un site fiable et professionnel. Vous pouvez compter sur ses comp\u00e9tences et son professionnalisme.<\/p>\n<p>Bravo Emilie et merci.<\/p>\n<\/div><\/div><\/div><\/div><div class='rt-col-md-12 rt-col-sm-12 rt-col-xs-12 even-grid-item tss-grid-item even-grid-item default-margin'><div class=\"single-item-wrapper\"><div class=\"tss-meta-info tss-left\"><h3 class='author-name'>Une conception nette, propre et tr\u00e8s conviviale<\/h3><h4 class=\"author-bio\"><span class='author-designation'>Ali - Fondateur<\/span>, <span class='item-company'>Procism<\/span>, <span class='author-location'>\u00c9mirats arabes unis<\/span><\/h4><div class=\"rating-wrapper\"><span data-star='1' class='star-1 dashicons dashicons-star-filled' aria-hidden='true'><\/span><span data-star='2' class='star-2 dashicons dashicons-star-filled' aria-hidden='true'><\/span><span data-star='3' class='star-3 dashicons dashicons-star-filled' aria-hidden='true'><\/span><span data-star='4' class='star-4 dashicons dashicons-star-filled' aria-hidden='true'><\/span><span data-star='5' class='star-5 dashicons dashicons-star-filled' aria-hidden='true'><\/span><\/div><\/div><div class=\"item-content-wrapper tss-right\"><div class='item-content'><p>Un grand merci pour l\u2019excellent travail r\u00e9alis\u00e9 sur le site web. Emilie, votre flexibilit\u00e9 face aux changements et votre \u0153il cr\u00e9atif ont fait toute la diff\u00e9rence. Ce que j\u2019ai le plus appr\u00e9ci\u00e9, c\u2019est la facilit\u00e9 avec laquelle vous avez travaill\u00e9 : toujours ouverte, r\u00e9active et pr\u00eate \u00e0 aider. Vous n\u2019avez jamais donn\u00e9 l\u2019impression d\u2019\u00eatre dans une relation transactionnelle, ce qui a rendu l\u2019ensemble du processus beaucoup plus fluide. Le r\u00e9sultat final est net, propre et tr\u00e8s convivial.<\/p>\n<\/div><\/div><\/div><\/div><div class='rt-col-md-12 rt-col-sm-12 rt-col-xs-12 even-grid-item tss-grid-item even-grid-item default-margin'><div class=\"single-item-wrapper\"><div class=\"tss-meta-info tss-left\"><h3 class='author-name'>Une conception r\u00e9fl\u00e9chie et une exp\u00e9rience utilisateur transparente<\/h3><h4 class=\"author-bio\"><span class='author-designation'>Shannon - Associ\u00e9 g\u00e9rant<\/span>, <span class='item-company'>Two Hands Consulting<\/span>, <span class='author-location'>\u00c9mirats arabes unis<\/span><\/h4><div class=\"rating-wrapper\"><span data-star='1' class='star-1 dashicons dashicons-star-filled' aria-hidden='true'><\/span><span data-star='2' class='star-2 dashicons dashicons-star-filled' aria-hidden='true'><\/span><span data-star='3' class='star-3 dashicons dashicons-star-filled' aria-hidden='true'><\/span><span data-star='4' class='star-4 dashicons dashicons-star-filled' aria-hidden='true'><\/span><span data-star='5' class='star-5 dashicons dashicons-star-filled' aria-hidden='true'><\/span><\/div><\/div><div class=\"item-content-wrapper tss-right\"><div class='item-content'><p>Je suis impressionn\u00e9 par le design r\u00e9fl\u00e9chi et l\u2019exp\u00e9rience utilisateur fluide que le site offre.<\/p>\n<p>Le site affiche un design minimaliste mais engageant, avec une mise en page \u00e9pur\u00e9e qui exploite tr\u00e8s bien les espaces blancs. La navigation est intuitive et permet aux visiteurs de trouver facilement ce qu\u2019ils recherchent. Une palette de couleurs soigneusement choisie et une typographie contrast\u00e9e donnent au site une allure moderne et sophistiqu\u00e9e, tandis que de subtils \u00e9l\u00e9ments interactifs \u2014 comme des effets de survol et des transitions fluides \u2014 ajoutent une touche de finition sans submerger l\u2019utilisateur.<\/p>\n<p>Le design responsive est particuli\u00e8rement remarquable : le site s\u2019adapte parfaitement \u00e0 tous les appareils, garantissant une exp\u00e9rience coh\u00e9rente et agr\u00e9able, aussi bien sur ordinateur que sur mobile. <\/p>\n<p>Dans l\u2019ensemble, www.twohands.me\n r\u00e9ussit \u00e0 \u00e9quilibrer esth\u00e9tique et fonctionnalit\u00e9, en cr\u00e9ant un espace digital accueillant qui refl\u00e8te \u00e0 la fois la cr\u00e9ativit\u00e9 et le souci du d\u00e9tail.<\/p>\n<p>Ce projet t\u00e9moigne de l\u2019expertise de la designer \u00e0 conjuguer attrait visuel et utilit\u00e9, en livrant un site \u00e0 la fois m\u00e9morable et facile \u00e0 utiliser.<\/p>\n<\/div><\/div><\/div><\/div><div class='rt-col-md-12 rt-col-sm-12 rt-col-xs-12 even-grid-item tss-grid-item even-grid-item default-margin'><div class=\"single-item-wrapper\"><div class=\"tss-meta-info tss-left\"><h3 class='author-name'>Au-del\u00e0 de ce que j'avais initialement pr\u00e9vu<\/h3><h4 class=\"author-bio\"><span class='author-designation'>Natalie - Associ\u00e9e g\u00e9rante<\/span>, <span class='item-company'>Respire le bien-\u00eatre<\/span>, <span class='author-location'>\u00c9mirats arabes unis<\/span><\/h4><div class=\"rating-wrapper\"><span data-star='1' class='star-1 dashicons dashicons-star-filled' aria-hidden='true'><\/span><span data-star='2' class='star-2 dashicons dashicons-star-filled' aria-hidden='true'><\/span><span data-star='3' class='star-3 dashicons dashicons-star-filled' aria-hidden='true'><\/span><span data-star='4' class='star-4 dashicons dashicons-star-filled' aria-hidden='true'><\/span><span data-star='5' class='star-5 dashicons dashicons-star-filled' aria-hidden='true'><\/span><\/div><\/div><div class=\"item-content-wrapper tss-right\"><div class='item-content'><p>Emilie a fait un travail remarquable pour d\u00e9velopper mon site web. Elle apporte beaucoup d\u2019exp\u00e9rience et de patience, et sait avancer avec rigueur dans des situations complexes jusqu\u2019\u00e0 les mener \u00e0 bien. Les fonctionnalit\u00e9s de mon site vont bien au-del\u00e0 de ce que j\u2019avais imagin\u00e9 au d\u00e9part, et je lui en suis extr\u00eamement reconnaissante. Je recommande vivement Emilie et je ferai sans h\u00e9siter appel \u00e0 elle \u00e0 nouveau si besoin.<\/p>\n<\/div><\/div><\/div><\/div><div class='rt-col-md-12 rt-col-sm-12 rt-col-xs-12 even-grid-item tss-grid-item even-grid-item default-margin'><div class=\"single-item-wrapper\"><div class=\"tss-meta-info tss-left\"><h3 class='author-name'>Une approche compl\u00e8te et adapt\u00e9e<\/h3><h4 class=\"author-bio\"><span class='author-designation'>Juliette - Fondatrice<\/span>, <span class='item-company'>Partition Humaine<\/span>, <span class='author-location'>France<\/span><\/h4><div class=\"rating-wrapper\"><span data-star='1' class='star-1 dashicons dashicons-star-filled' aria-hidden='true'><\/span><span data-star='2' class='star-2 dashicons dashicons-star-filled' aria-hidden='true'><\/span><span data-star='3' class='star-3 dashicons dashicons-star-filled' aria-hidden='true'><\/span><span data-star='4' class='star-4 dashicons dashicons-star-filled' aria-hidden='true'><\/span><span data-star='5' class='star-5 dashicons dashicons-star-filled' aria-hidden='true'><\/span><\/div><\/div><div class=\"item-content-wrapper tss-right\"><div class='item-content'><p>\u00c9milie m\u2019a accompagn\u00e9 dans la cr\u00e9ation de mon site internet avec une approche globale et sur-mesure. Alors que mes id\u00e9es \u00e9taient encore floues, elle a su me guider avec justesse, de la clarification de mon besoin \u00e0 la structuration du site, en passant par l\u2019optimisation de l\u2019exp\u00e9rience utilisateur et la proposition de contenus \u00e0 partir de mes notes vraiment brouillons. Bien au-del\u00e0 de la simple r\u00e9alisation technique, \u00c9milie propose un v\u00e9ritable accompagnement, alliant expertise, agilit\u00e9, r\u00e9activit\u00e9 et bonne humeur. C'est 100% gagnant et \u00e0 valeur ajout\u00e9e.<\/p>\n<\/div><\/div><\/div><\/div><div class='rt-col-md-12 rt-col-sm-12 rt-col-xs-12 even-grid-item tss-grid-item even-grid-item default-margin'><div class=\"single-item-wrapper\"><div class=\"tss-meta-info tss-left\"><h3 class='author-name'>Ravi du r\u00e9sultat final<\/h3><h4 class=\"author-bio\"><span class='author-designation'>Violette - Fondatrice<\/span>, <span class='item-company'>Violette Folliot<\/span>, <span class='author-location'>Tha\u00eflande<\/span><\/h4><div class=\"rating-wrapper\"><span data-star='1' class='star-1 dashicons dashicons-star-filled' aria-hidden='true'><\/span><span data-star='2' class='star-2 dashicons dashicons-star-filled' aria-hidden='true'><\/span><span data-star='3' class='star-3 dashicons dashicons-star-filled' aria-hidden='true'><\/span><span data-star='4' class='star-4 dashicons dashicons-star-filled' aria-hidden='true'><\/span><span data-star='5' class='star-5 dashicons dashicons-star-filled' aria-hidden='true'><\/span><\/div><\/div><div class=\"item-content-wrapper tss-right\"><div class='item-content'><p>J\u2019ai fait appel aux services d\u2019Emilie pour la conception de mon site web, et je dois dire qu\u2019elle a \u00e9t\u00e9 incroyablement pr\u00e9cieuse tout au long du processus. Elle a \u00e9t\u00e9 tr\u00e8s disponible et a r\u00e9pondu \u00e0 toutes mes questions avec beaucoup de rigueur. Sa rapidit\u00e9 d\u2019ex\u00e9cution et sa capacit\u00e9 \u00e0 respecter mes souhaits et ma vision m\u2019ont vraiment impressionn\u00e9e. Je suis absolument ravie du r\u00e9sultat final !<\/p>\n<p>Mon site web refl\u00e8te parfaitement l\u2019univers que je voulais cr\u00e9er. Il repr\u00e9sente fid\u00e8lement mon identit\u00e9 et mes objectifs. Je suis convaincue que cet outil sera un atout majeur pour promouvoir mon activit\u00e9 et communiquer efficacement avec mes clients en ligne.<\/p>\n<p>Je recommande vivement Emilie \u00e0 tous ceux qui recherchent un expert professionnel et comp\u00e9tent pour cr\u00e9er leur site web. Son expertise et son souci du d\u00e9tail sont ind\u00e9niables, et elle a r\u00e9ussi \u00e0 transformer mes id\u00e9es en un site web exceptionnel.<\/p>\n<p>Je remercie sinc\u00e8rement Emilie pour son travail remarquable. Gr\u00e2ce \u00e0 elle, j'ai maintenant un site web dont je suis vraiment fi\u00e8re et qui repr\u00e9sente parfaitement mon entreprise.<\/p>\n<\/div><\/div><\/div><\/div><\/div><\/div>\n<\/div><\/div><\/div><\/div><\/div><\/div><script id=\"script-row-unique-1\" data-row=\"script-row-unique-1\" type=\"text\/javascript\" class=\"vc_controls\">UNCODE.initRow(document.getElementById(\"row-unique-1\"));<\/script><\/div><\/div><\/div>\n<\/div>","protected":false},"excerpt":{"rendered":"I used Emilie's services for the design of my website, and I must say she was incredibly valuable throughout the [...]","protected":false},"author":1,"featured_media":0,"parent":0,"menu_order":0,"comment_status":"closed","ping_status":"closed","template":"","meta":{"footnotes":""},"class_list":["post-125961","page","type-page","status-publish","hentry"],"yoast_head":"<!-- This site is optimized with the Yoast SEO plugin v27.1.1 - https:\/\/yoast.com\/product\/yoast-seo-wordpress\/ -->\n<title>Testimonials | French Design Studio<\/title>\n<meta name=\"description\" content=\"Nos cr\u00e9ations vont du site web en passant par le logo avec charte graphique ou encore votre strat\u00e9gie marketing\" \/>\n<meta name=\"robots\" content=\"index, follow, max-snippet:-1, max-image-preview:large, max-video-preview:-1\" \/>\n<link rel=\"canonical\" href=\"https:\/\/frenchdesign.studio\/fr\/temoignages\/\" \/>\n<meta property=\"og:locale\" content=\"fr_FR\" \/>\n<meta property=\"og:type\" content=\"article\" \/>\n<meta property=\"og:title\" content=\"Testimonials | French Design Studio\" \/>\n<meta property=\"og:description\" content=\"Nos cr\u00e9ations vont du site web en passant par le logo avec charte graphique ou encore votre strat\u00e9gie marketing\" \/>\n<meta property=\"og:url\" content=\"https:\/\/frenchdesign.studio\/fr\/temoignages\/\" \/>\n<meta property=\"og:site_name\" content=\"French Design Studio\" \/>\n<meta property=\"article:modified_time\" content=\"2026-01-07T09:55:17+00:00\" \/>\n<meta name=\"twitter:card\" content=\"summary_large_image\" \/>\n<meta name=\"twitter:label1\" content=\"Dur\u00e9e de lecture estim\u00e9e\" \/>\n\t<meta name=\"twitter:data1\" content=\"1 minute\" \/>\n<script type=\"application\/ld+json\" class=\"yoast-schema-graph\">{\"@context\":\"https:\/\/schema.org\",\"@graph\":[{\"@type\":\"WebPage\",\"@id\":\"https:\/\/frenchdesign.studio\/testimonials\/\",\"url\":\"https:\/\/frenchdesign.studio\/testimonials\/\",\"name\":\"Testimonials | French Design Studio\",\"isPartOf\":{\"@id\":\"https:\/\/frenchdesign.studio\/#website\"},\"datePublished\":\"2025-06-01T13:39:26+00:00\",\"dateModified\":\"2026-01-07T09:55:17+00:00\",\"description\":\"Nos cr\u00e9ations vont du site web en passant par le logo avec charte graphique ou encore votre strat\u00e9gie marketing\",\"breadcrumb\":{\"@id\":\"https:\/\/frenchdesign.studio\/testimonials\/#breadcrumb\"},\"inLanguage\":\"fr-FR\",\"potentialAction\":[{\"@type\":\"ReadAction\",\"target\":[\"https:\/\/frenchdesign.studio\/testimonials\/\"]}]},{\"@type\":\"BreadcrumbList\",\"@id\":\"https:\/\/frenchdesign.studio\/testimonials\/#breadcrumb\",\"itemListElement\":[{\"@type\":\"ListItem\",\"position\":1,\"name\":\"Home\",\"item\":\"https:\/\/frenchdesign.studio\/\"},{\"@type\":\"ListItem\",\"position\":2,\"name\":\"Testimonials\"}]},{\"@type\":\"WebSite\",\"@id\":\"https:\/\/frenchdesign.studio\/#website\",\"url\":\"https:\/\/frenchdesign.studio\/\",\"name\":\"French Design Studio\",\"description\":\"Web project management\",\"publisher\":{\"@id\":\"https:\/\/frenchdesign.studio\/#organization\"},\"potentialAction\":[{\"@type\":\"SearchAction\",\"target\":{\"@type\":\"EntryPoint\",\"urlTemplate\":\"https:\/\/frenchdesign.studio\/?s={search_term_string}\"},\"query-input\":{\"@type\":\"PropertyValueSpecification\",\"valueRequired\":true,\"valueName\":\"search_term_string\"}}],\"inLanguage\":\"fr-FR\"},{\"@type\":\"Organization\",\"@id\":\"https:\/\/frenchdesign.studio\/#organization\",\"name\":\"French Design Studio\",\"alternateName\":\"French Design Studio\",\"url\":\"https:\/\/frenchdesign.studio\/\",\"logo\":{\"@type\":\"ImageObject\",\"inLanguage\":\"fr-FR\",\"@id\":\"https:\/\/frenchdesign.studio\/#\/schema\/logo\/image\/\",\"url\":\"https:\/\/frenchdesign.studio\/wp-content\/uploads\/2023\/05\/logo-frenchdesignstudio-blue040423-seul.png\",\"contentUrl\":\"https:\/\/frenchdesign.studio\/wp-content\/uploads\/2023\/05\/logo-frenchdesignstudio-blue040423-seul.png\",\"width\":1926,\"height\":2472,\"caption\":\"French Design Studio\"},\"image\":{\"@id\":\"https:\/\/frenchdesign.studio\/#\/schema\/logo\/image\/\"},\"sameAs\":[\"https:\/\/instagram.com\/frenchdesignstudio\/\"]}]}<\/script>\n<!-- \/ Yoast SEO plugin. -->","yoast_head_json":{"title":"T\u00e9moignages - French Design Studio","description":"Nos cr\u00e9ations vont du site web en passant par le logo avec charte graphique ou encore votre strat\u00e9gie marketing","robots":{"index":"index","follow":"follow","max-snippet":"max-snippet:-1","max-image-preview":"max-image-preview:large","max-video-preview":"max-video-preview:-1"},"canonical":"https:\/\/frenchdesign.studio\/fr\/temoignages\/","og_locale":"fr_FR","og_type":"article","og_title":"Testimonials | French Design Studio","og_description":"Nos cr\u00e9ations vont du site web en passant par le logo avec charte graphique ou encore votre strat\u00e9gie marketing","og_url":"https:\/\/frenchdesign.studio\/fr\/temoignages\/","og_site_name":"French Design Studio","article_modified_time":"2026-01-07T09:55:17+00:00","twitter_card":"summary_large_image","twitter_misc":{"Dur\u00e9e de lecture estim\u00e9e":"1 minute"},"schema":{"@context":"https:\/\/schema.org","@graph":[{"@type":"WebPage","@id":"https:\/\/frenchdesign.studio\/testimonials\/","url":"https:\/\/frenchdesign.studio\/testimonials\/","name":"T\u00e9moignages - French Design Studio","isPartOf":{"@id":"https:\/\/frenchdesign.studio\/#website"},"datePublished":"2025-06-01T13:39:26+00:00","dateModified":"2026-01-07T09:55:17+00:00","description":"Nos cr\u00e9ations vont du site web en passant par le logo avec charte graphique ou encore votre strat\u00e9gie marketing","breadcrumb":{"@id":"https:\/\/frenchdesign.studio\/testimonials\/#breadcrumb"},"inLanguage":"fr-FR","potentialAction":[{"@type":"ReadAction","target":["https:\/\/frenchdesign.studio\/testimonials\/"]}]},{"@type":"BreadcrumbList","@id":"https:\/\/frenchdesign.studio\/testimonials\/#breadcrumb","itemListElement":[{"@type":"ListItem","position":1,"name":"Home","item":"https:\/\/frenchdesign.studio\/"},{"@type":"ListItem","position":2,"name":"Testimonials"}]},{"@type":"WebSite","@id":"https:\/\/frenchdesign.studio\/#website","url":"https:\/\/frenchdesign.studio\/","name":"Studio de design fran\u00e7ais","description":"Gestion de projets web","publisher":{"@id":"https:\/\/frenchdesign.studio\/#organization"},"potentialAction":[{"@type":"SearchAction","target":{"@type":"EntryPoint","urlTemplate":"https:\/\/frenchdesign.studio\/?s={search_term_string}"},"query-input":{"@type":"PropertyValueSpecification","valueRequired":true,"valueName":"search_term_string"}}],"inLanguage":"fr-FR"},{"@type":"Organization","@id":"https:\/\/frenchdesign.studio\/#organization","name":"Studio de design fran\u00e7ais","alternateName":"French Design Studio","url":"https:\/\/frenchdesign.studio\/","logo":{"@type":"ImageObject","inLanguage":"fr-FR","@id":"https:\/\/frenchdesign.studio\/#\/schema\/logo\/image\/","url":"https:\/\/frenchdesign.studio\/wp-content\/uploads\/2023\/05\/logo-frenchdesignstudio-blue040423-seul.png","contentUrl":"https:\/\/frenchdesign.studio\/wp-content\/uploads\/2023\/05\/logo-frenchdesignstudio-blue040423-seul.png","width":1926,"height":2472,"caption":"French Design Studio"},"image":{"@id":"https:\/\/frenchdesign.studio\/#\/schema\/logo\/image\/"},"sameAs":["https:\/\/instagram.com\/frenchdesignstudio\/"]}]}},"_links":{"self":[{"href":"https:\/\/frenchdesign.studio\/fr\/wp-json\/wp\/v2\/pages\/125961","targetHints":{"allow":["GET"]}}],"collection":[{"href":"https:\/\/frenchdesign.studio\/fr\/wp-json\/wp\/v2\/pages"}],"about":[{"href":"https:\/\/frenchdesign.studio\/fr\/wp-json\/wp\/v2\/types\/page"}],"author":[{"embeddable":true,"href":"https:\/\/frenchdesign.studio\/fr\/wp-json\/wp\/v2\/users\/1"}],"replies":[{"embeddable":true,"href":"https:\/\/frenchdesign.studio\/fr\/wp-json\/wp\/v2\/comments?post=125961"}],"version-history":[{"count":6,"href":"https:\/\/frenchdesign.studio\/fr\/wp-json\/wp\/v2\/pages\/125961\/revisions"}],"predecessor-version":[{"id":126100,"href":"https:\/\/frenchdesign.studio\/fr\/wp-json\/wp\/v2\/pages\/125961\/revisions\/126100"}],"wp:attachment":[{"href":"https:\/\/frenchdesign.studio\/fr\/wp-json\/wp\/v2\/media?parent=125961"}],"curies":[{"name":"wp","href":"https:\/\/api.w.org\/{rel}","templated":true}]}}